{"id":13,"date":"2025-09-10T09:22:55","date_gmt":"2025-09-10T09:22:55","guid":{"rendered":"http:\/\/danse-aix-les-bains.com\/?page_id=13"},"modified":"2025-10-03T14:09:59","modified_gmt":"2025-10-03T14:09:59","slug":"contact","status":"publish","type":"page","link":"https:\/\/danse-aix-les-bains.com\/index.php\/contact\/","title":{"rendered":"Informations pratiques"},"content":{"rendered":"\n<p>L&#8217;\u00c9cole de Danse Reine Boutron se situe au 31 Avenue de la Libert\u00e9 \u00e0 Aix-les-Bains<\/p>\n\n\n\n<p>Pour plus de renseignements et pour inscriptions appelez au :<\/p>\n\n\n\n<p class=\"has-kubio-color-6-color has-text-color has-link-color wp-elements-b83b83dc793446114a92b163e7889146\"><a href=\"tel:0611827557\">06 11 82 75 57<\/a><\/p>\n\n\n<iframe src=\"https:\/\/www.google.com\/maps\/embed?pb=!1m18!1m12!1m3!1d3364.106857720568!2d5.906161699999999!3d45.689130399999996!2m3!1f0!2f0!3f0!3m2!1i1024!2i768!4f13.1!3m3!1m2!1s0x478ba1500dc6a74b%3A0x5d02d0f92c7f385f!2s%C3%89cole%20de%20danse%20-%20Reine%20Boutron!5e1!3m2!1sfr!2sfr!4v1757923940703!5m2!1sfr!2sfr\" width=\"600\" height=\"450\" style=\"border:0;\" allowfullscreen=\"\" loading=\"lazy\" referrerpolicy=\"no-referrer-when-downgrade\"><\/iframe>\n\n\n<p><\/p>\n","protected":false},"excerpt":{"rendered":"<p>L&#8217;\u00c9cole de Danse Reine Boutron se situe au 31 Avenue de la Libert\u00e9 \u00e0 Aix-les-Bains Pour plus de renseignements et pour inscriptions appelez au : 06 11 82 75 57<\/p>\n","protected":false},"author":1,"featured_media":0,"parent":0,"menu_order":0,"comment_status":"closed","ping_status":"closed","template":"","meta":{"saved_in_kubio":true,"footnotes":""},"class_list":["post-13","page","type-page","status-publish","hentry"],"kubio_ai_page_context":{"short_desc":"","purpose":"general"},"_links":{"self":[{"href":"https:\/\/danse-aix-les-bains.com\/index.php\/wp-json\/wp\/v2\/pages\/13","targetHints":{"allow":["GET"]}}],"collection":[{"href":"https:\/\/danse-aix-les-bains.com\/index.php\/wp-json\/wp\/v2\/pages"}],"about":[{"href":"https:\/\/danse-aix-les-bains.com\/index.php\/wp-json\/wp\/v2\/types\/page"}],"author":[{"embeddable":true,"href":"https:\/\/danse-aix-les-bains.com\/index.php\/wp-json\/wp\/v2\/users\/1"}],"replies":[{"embeddable":true,"href":"https:\/\/danse-aix-les-bains.com\/index.php\/wp-json\/wp\/v2\/comments?post=13"}],"version-history":[{"count":8,"href":"https:\/\/danse-aix-les-bains.com\/index.php\/wp-json\/wp\/v2\/pages\/13\/revisions"}],"predecessor-version":[{"id":222,"href":"https:\/\/danse-aix-les-bains.com\/index.php\/wp-json\/wp\/v2\/pages\/13\/revisions\/222"}],"wp:attachment":[{"href":"https:\/\/danse-aix-les-bains.com\/index.php\/wp-json\/wp\/v2\/media?parent=13"}],"curies":[{"name":"wp","href":"https:\/\/api.w.org\/{rel}","templated":true}]}}